{"id":1336,"date":"2025-02-16T20:55:32","date_gmt":"2025-02-16T19:55:32","guid":{"rendered":"https:\/\/bistrot-amaia-restaurant-marrakech.com\/?post_type=product&#038;p=1336"},"modified":"2025-03-11T16:10:46","modified_gmt":"2025-03-11T16:10:46","slug":"poire-pochee-aux-epices-croustillant-de-feuille-de-brick-glace-aux-speculoos-2","status":"publish","type":"product","link":"https:\/\/bistrot-amaia-restaurant-marrakech.com\/index.php\/produit\/poire-pochee-aux-epices-croustillant-de-feuille-de-brick-glace-aux-speculoos-2\/","title":{"rendered":"Poire poch\u00e9e aux \u00e9pices"},"content":{"rendered":"<p>(croustillant de feuille de brick, glace aux sp\u00e9culoos)<\/p>\n","protected":false},"excerpt":{"rendered":"<p>(croustillant de feuille de brick, glace aux sp\u00e9culoos)<\/p>\n","protected":false},"featured_media":0,"comment_status":"open","ping_status":"closed","template":"","meta":[],"product_brand":[],"product_cat":[40],"product_tag":[],"class_list":{"0":"post-1336","1":"product","2":"type-product","3":"status-publish","5":"product_cat-desserts","7":"first","8":"instock","9":"shipping-taxable","10":"purchasable","11":"product-type-simple"},"_links":{"self":[{"href":"https:\/\/bistrot-amaia-restaurant-marrakech.com\/index.php\/wp-json\/wp\/v2\/product\/1336","targetHints":{"allow":["GET"]}}],"collection":[{"href":"https:\/\/bistrot-amaia-restaurant-marrakech.com\/index.php\/wp-json\/wp\/v2\/product"}],"about":[{"href":"https:\/\/bistrot-amaia-restaurant-marrakech.com\/index.php\/wp-json\/wp\/v2\/types\/product"}],"replies":[{"embeddable":true,"href":"https:\/\/bistrot-amaia-restaurant-marrakech.com\/index.php\/wp-json\/wp\/v2\/comments?post=1336"}],"wp:attachment":[{"href":"https:\/\/bistrot-amaia-restaurant-marrakech.com\/index.php\/wp-json\/wp\/v2\/media?parent=1336"}],"wp:term":[{"taxonomy":"product_brand","embeddable":true,"href":"https:\/\/bistrot-amaia-restaurant-marrakech.com\/index.php\/wp-json\/wp\/v2\/product_brand?post=1336"},{"taxonomy":"product_cat","embeddable":true,"href":"https:\/\/bistrot-amaia-restaurant-marrakech.com\/index.php\/wp-json\/wp\/v2\/product_cat?post=1336"},{"taxonomy":"product_tag","embeddable":true,"href":"https:\/\/bistrot-amaia-restaurant-marrakech.com\/index.php\/wp-json\/wp\/v2\/product_tag?post=1336"}],"curies":[{"name":"wp","href":"https:\/\/api.w.org\/{rel}","templated":true}]}}