{"id":1478,"date":"2025-02-18T22:57:26","date_gmt":"2025-02-18T21:57:26","guid":{"rendered":"https:\/\/bistrot-amaia-restaurant-marrakech.com\/?post_type=product&#038;p=1478"},"modified":"2025-03-11T16:02:26","modified_gmt":"2025-03-11T16:02:26","slug":"filet-de-bar-roti-ecrase-de-patates-douces-croquant-de-legumes-sauce-vierge","status":"publish","type":"product","link":"https:\/\/bistrot-amaia-restaurant-marrakech.com\/index.php\/produit\/filet-de-bar-roti-ecrase-de-patates-douces-croquant-de-legumes-sauce-vierge\/","title":{"rendered":"Filet de bar r\u00f4ti"},"content":{"rendered":"<p>(\u00e9cras\u00e9 de patates douces, croquant de l\u00e9gumes, sauce vierge)<\/p>\n","protected":false},"excerpt":{"rendered":"<p>(\u00e9cras\u00e9 de patates douces, croquant de l\u00e9gumes, sauce vierge)<\/p>\n","protected":false},"featured_media":0,"comment_status":"open","ping_status":"closed","template":"","meta":[],"product_brand":[],"product_cat":[93],"product_tag":[],"class_list":{"0":"post-1478","1":"product","2":"type-product","3":"status-publish","5":"product_cat-plats","7":"first","8":"instock","9":"shipping-taxable","10":"purchasable","11":"product-type-simple"},"_links":{"self":[{"href":"https:\/\/bistrot-amaia-restaurant-marrakech.com\/index.php\/wp-json\/wp\/v2\/product\/1478","targetHints":{"allow":["GET"]}}],"collection":[{"href":"https:\/\/bistrot-amaia-restaurant-marrakech.com\/index.php\/wp-json\/wp\/v2\/product"}],"about":[{"href":"https:\/\/bistrot-amaia-restaurant-marrakech.com\/index.php\/wp-json\/wp\/v2\/types\/product"}],"replies":[{"embeddable":true,"href":"https:\/\/bistrot-amaia-restaurant-marrakech.com\/index.php\/wp-json\/wp\/v2\/comments?post=1478"}],"wp:attachment":[{"href":"https:\/\/bistrot-amaia-restaurant-marrakech.com\/index.php\/wp-json\/wp\/v2\/media?parent=1478"}],"wp:term":[{"taxonomy":"product_brand","embeddable":true,"href":"https:\/\/bistrot-amaia-restaurant-marrakech.com\/index.php\/wp-json\/wp\/v2\/product_brand?post=1478"},{"taxonomy":"product_cat","embeddable":true,"href":"https:\/\/bistrot-amaia-restaurant-marrakech.com\/index.php\/wp-json\/wp\/v2\/product_cat?post=1478"},{"taxonomy":"product_tag","embeddable":true,"href":"https:\/\/bistrot-amaia-restaurant-marrakech.com\/index.php\/wp-json\/wp\/v2\/product_tag?post=1478"}],"curies":[{"name":"wp","href":"https:\/\/api.w.org\/{rel}","templated":true}]}}